{"id":232,"date":"2024-01-19T17:35:07","date_gmt":"2024-01-19T17:35:07","guid":{"rendered":"https:\/\/visualonline.pt\/?page_id=232"},"modified":"2024-01-28T01:14:52","modified_gmt":"2024-01-28T01:14:52","slug":"publicidade","status":"publish","type":"page","link":"https:\/\/visualonline.pt\/?page_id=232","title":{"rendered":"Publicidade"},"content":{"rendered":"\t\t<div data-elementor-type=\"wp-page\" data-elementor-id=\"232\" class=\"elementor elementor-232\">\n\t\t\t\t<div class=\"elementor-element elementor-element-a7429ab e-flex e-con-boxed e-con e-parent\" data-id=\"a7429ab\" data-element_type=\"container\" data-e-type=\"container\">\n\t\t\t\t\t<div class=\"e-con-inner\">\n\t\t\t\t<div class=\"elementor-element elementor-element-d555c56 elementor-widget elementor-widget-heading\" data-id=\"d555c56\" data-element_type=\"widget\" data-e-type=\"widget\" data-widget_type=\"heading.default\">\n\t\t\t\t<div class=\"elementor-widget-container\">\n\t\t\t\t\t<h2 class=\"elementor-heading-title elementor-size-xl\">PUBLICIDADE<\/h2>\t\t\t\t<\/div>\n\t\t\t\t<\/div>\n\t\t\t\t<div class=\"elementor-element elementor-element-a0146cf elementor-widget elementor-widget-text-editor\" data-id=\"a0146cf\" data-element_type=\"widget\" data-e-type=\"widget\" data-widget_type=\"text-editor.default\">\n\t\t\t\t<div class=\"elementor-widget-container\">\n\t\t\t\t\t\t\t\t\t<p>Na busca incessante por conquistar a aten\u00e7\u00e3o do p\u00fablico-alvo, a publicidade torna-se a ferramenta essencial para impulsionar seu neg\u00f3cio. Na nossa ag\u00eancia de marketing digital\/e-commerce, oferecemos uma gama abrangente de servi\u00e7os publicit\u00e1rios e de design para maximizar o impacto da sua marca. Confira os principais elementos que fazem parte do nosso portf\u00f3lio<\/p>\t\t\t\t\t\t\t\t<\/div>\n\t\t\t\t<\/div>\n\t\t\t\t\t<\/div>\n\t\t\t\t<\/div>\n\t\t<div class=\"elementor-element elementor-element-9d4d0e9 e-flex e-con-boxed e-con e-parent\" data-id=\"9d4d0e9\" data-element_type=\"container\" data-e-type=\"container\" data-settings=\"{&quot;background_background&quot;:&quot;classic&quot;}\">\n\t\t\t\t\t<div class=\"e-con-inner\">\n\t\t<div class=\"elementor-element elementor-element-0fbbbb6 e-con-full e-flex e-con e-child\" data-id=\"0fbbbb6\" data-element_type=\"container\" data-e-type=\"container\">\n\t\t\t\t<div class=\"elementor-element elementor-element-34c1407 elementor-widget elementor-widget-heading\" data-id=\"34c1407\" data-element_type=\"widget\" data-e-type=\"widget\" data-widget_type=\"heading.default\">\n\t\t\t\t<div class=\"elementor-widget-container\">\n\t\t\t\t\t<h2 class=\"elementor-heading-title elementor-size-large\">Google ADS<\/h2>\t\t\t\t<\/div>\n\t\t\t\t<\/div>\n\t\t\t\t<div class=\"elementor-element elementor-element-d7d3049 elementor-widget elementor-widget-text-editor\" data-id=\"d7d3049\" data-element_type=\"widget\" data-e-type=\"widget\" data-widget_type=\"text-editor.default\">\n\t\t\t\t<div class=\"elementor-widget-container\">\n\t\t\t\t\t\t\t\t\t<p>Para alcan\u00e7ar os clientes no exato momento em que eles procuram o seu produto ou servi\u00e7o, a nossa equipa de especialistas em Google ADS cria campanhas de pagamento por clique (PPC) altamente otimizadas. Desde an\u00fancios de texto at\u00e9 banners atraentes, garantimos que a sua marca seja destacada nas p\u00e1ginas de resultados de pesquisa, gerando tr\u00e1fego relevante e aumentando as suas oportunidades de vendas.<\/p>\t\t\t\t\t\t\t\t<\/div>\n\t\t\t\t<\/div>\n\t\t\t\t<\/div>\n\t\t<div class=\"elementor-element elementor-element-9c4c781 e-con-full e-flex e-con e-child\" data-id=\"9c4c781\" data-element_type=\"container\" data-e-type=\"container\">\n\t\t\t\t<div class=\"elementor-element elementor-element-6dc4dcd elementor-widget elementor-widget-image\" data-id=\"6dc4dcd\" data-element_type=\"widget\" data-e-type=\"widget\" data-widget_type=\"image.default\">\n\t\t\t\t<div class=\"elementor-widget-container\">\n\t\t\t\t\t\t\t\t\t\t\t\t\t\t\t<img fetchpriority=\"high\" decoding=\"async\" width=\"1024\" height=\"684\" src=\"https:\/\/visualonline.pt\/wp-content\/uploads\/2024\/01\/pexels-photomix-company-218717-1024x684.jpg\" class=\"attachment-large size-large wp-image-604\" alt=\"\" srcset=\"https:\/\/visualonline.pt\/wp-content\/uploads\/2024\/01\/pexels-photomix-company-218717-1024x684.jpg 1024w, https:\/\/visualonline.pt\/wp-content\/uploads\/2024\/01\/pexels-photomix-company-218717-300x200.jpg 300w, https:\/\/visualonline.pt\/wp-content\/uploads\/2024\/01\/pexels-photomix-company-218717-768x513.jpg 768w, https:\/\/visualonline.pt\/wp-content\/uploads\/2024\/01\/pexels-photomix-company-218717-1536x1025.jpg 1536w, https:\/\/visualonline.pt\/wp-content\/uploads\/2024\/01\/pexels-photomix-company-218717-2048x1367.jpg 2048w\" sizes=\"(max-width: 1024px) 100vw, 1024px\" \/>\t\t\t\t\t\t\t\t\t\t\t\t\t\t\t<\/div>\n\t\t\t\t<\/div>\n\t\t\t\t<\/div>\n\t\t\t\t\t<\/div>\n\t\t\t\t<\/div>\n\t\t<div class=\"elementor-element elementor-element-7f046ab e-flex e-con-boxed e-con e-parent\" data-id=\"7f046ab\" data-element_type=\"container\" data-e-type=\"container\">\n\t\t\t\t\t<div class=\"e-con-inner\">\n\t\t\t\t<div class=\"elementor-element elementor-element-2129f55 elementor-widget elementor-widget-spacer\" data-id=\"2129f55\" data-element_type=\"widget\" data-e-type=\"widget\" data-widget_type=\"spacer.default\">\n\t\t\t\t<div class=\"elementor-widget-container\">\n\t\t\t\t\t\t\t<div class=\"elementor-spacer\">\n\t\t\t<div class=\"elementor-spacer-inner\"><\/div>\n\t\t<\/div>\n\t\t\t\t\t\t<\/div>\n\t\t\t\t<\/div>\n\t\t\t\t\t<\/div>\n\t\t\t\t<\/div>\n\t\t<div class=\"elementor-element elementor-element-d3f0f3a e-flex e-con-boxed e-con e-parent\" data-id=\"d3f0f3a\" data-element_type=\"container\" data-e-type=\"container\" data-settings=\"{&quot;background_background&quot;:&quot;classic&quot;}\">\n\t\t\t\t\t<div class=\"e-con-inner\">\n\t\t<div class=\"elementor-element elementor-element-17c3b44 e-con-full e-flex e-con e-child\" data-id=\"17c3b44\" data-element_type=\"container\" data-e-type=\"container\">\n\t\t\t\t<div class=\"elementor-element elementor-element-2b94dc1 elementor-widget elementor-widget-heading\" data-id=\"2b94dc1\" data-element_type=\"widget\" data-e-type=\"widget\" data-widget_type=\"heading.default\">\n\t\t\t\t<div class=\"elementor-widget-container\">\n\t\t\t\t\t<h2 class=\"elementor-heading-title elementor-size-large\">Meta ADS<\/h2>\t\t\t\t<\/div>\n\t\t\t\t<\/div>\n\t\t\t\t<div class=\"elementor-element elementor-element-36f2efa elementor-widget elementor-widget-text-editor\" data-id=\"36f2efa\" data-element_type=\"widget\" data-e-type=\"widget\" data-widget_type=\"text-editor.default\">\n\t\t\t\t<div class=\"elementor-widget-container\">\n\t\t\t\t\t\t\t\t\t<p>As campanhas Meta ADS est\u00e3o no centro da nossa abordagem estrat\u00e9gica para atingir p\u00fablicos espec\u00edficos. Utilizando plataformas como Facebook e Instagram, criamos an\u00fancios altamente segmentados que garantem a visualiza\u00e7\u00e3o certa para o p\u00fablico certo. Desde an\u00fancios de imagem at\u00e9 v\u00eddeos cativantes, as nossas campanhas Meta ADS s\u00e3o constru\u00eddas para impulsionar a visibilidade e as convers\u00f5es.<\/p>\t\t\t\t\t\t\t\t<\/div>\n\t\t\t\t<\/div>\n\t\t\t\t<\/div>\n\t\t<div class=\"elementor-element elementor-element-06f0f78 e-con-full e-flex e-con e-child\" data-id=\"06f0f78\" data-element_type=\"container\" data-e-type=\"container\">\n\t\t\t\t<div class=\"elementor-element elementor-element-0e1e046 elementor-widget elementor-widget-image\" data-id=\"0e1e046\" data-element_type=\"widget\" data-e-type=\"widget\" data-widget_type=\"image.default\">\n\t\t\t\t<div class=\"elementor-widget-container\">\n\t\t\t\t\t\t\t\t\t\t\t\t\t\t\t<img decoding=\"async\" width=\"1020\" height=\"750\" src=\"https:\/\/visualonline.pt\/wp-content\/uploads\/2024\/01\/Blog_img-27Dec23.webp\" class=\"attachment-large size-large wp-image-643\" alt=\"\" srcset=\"https:\/\/visualonline.pt\/wp-content\/uploads\/2024\/01\/Blog_img-27Dec23.webp 1020w, https:\/\/visualonline.pt\/wp-content\/uploads\/2024\/01\/Blog_img-27Dec23-300x221.webp 300w, https:\/\/visualonline.pt\/wp-content\/uploads\/2024\/01\/Blog_img-27Dec23-768x565.webp 768w\" sizes=\"(max-width: 1020px) 100vw, 1020px\" \/>\t\t\t\t\t\t\t\t\t\t\t\t\t\t\t<\/div>\n\t\t\t\t<\/div>\n\t\t\t\t<\/div>\n\t\t\t\t\t<\/div>\n\t\t\t\t<\/div>\n\t\t<div class=\"elementor-element elementor-element-1a8ffa0 e-flex e-con-boxed e-con e-parent\" data-id=\"1a8ffa0\" data-element_type=\"container\" data-e-type=\"container\">\n\t\t\t\t\t<div class=\"e-con-inner\">\n\t\t\t\t<div class=\"elementor-element elementor-element-2c7bb13 elementor-widget elementor-widget-spacer\" data-id=\"2c7bb13\" data-element_type=\"widget\" data-e-type=\"widget\" data-widget_type=\"spacer.default\">\n\t\t\t\t<div class=\"elementor-widget-container\">\n\t\t\t\t\t\t\t<div class=\"elementor-spacer\">\n\t\t\t<div class=\"elementor-spacer-inner\"><\/div>\n\t\t<\/div>\n\t\t\t\t\t\t<\/div>\n\t\t\t\t<\/div>\n\t\t\t\t\t<\/div>\n\t\t\t\t<\/div>\n\t\t<div class=\"elementor-element elementor-element-c25f988 e-flex e-con-boxed e-con e-parent\" data-id=\"c25f988\" data-element_type=\"container\" data-e-type=\"container\" data-settings=\"{&quot;background_background&quot;:&quot;classic&quot;}\">\n\t\t\t\t\t<div class=\"e-con-inner\">\n\t\t<div class=\"elementor-element elementor-element-a71eb09 e-con-full e-flex e-con e-child\" data-id=\"a71eb09\" data-element_type=\"container\" data-e-type=\"container\">\n\t\t\t\t<div class=\"elementor-element elementor-element-4857aae elementor-widget elementor-widget-heading\" data-id=\"4857aae\" data-element_type=\"widget\" data-e-type=\"widget\" data-widget_type=\"heading.default\">\n\t\t\t\t<div class=\"elementor-widget-container\">\n\t\t\t\t\t<h2 class=\"elementor-heading-title elementor-size-large\">Flyers, Convites, Cart\u00e3o de Visita\/Digital<\/h2>\t\t\t\t<\/div>\n\t\t\t\t<\/div>\n\t\t\t\t<div class=\"elementor-element elementor-element-91eb502 elementor-widget elementor-widget-text-editor\" data-id=\"91eb502\" data-element_type=\"widget\" data-e-type=\"widget\" data-widget_type=\"text-editor.default\">\n\t\t\t\t<div class=\"elementor-widget-container\">\n\t\t\t\t\t\t\t\t\t<p>No mundo digital, a import\u00e2ncia de materiais f\u00edsicos ainda persiste. Criamos flyers envolventes, convites marcantes e cart\u00f5es de visita\/digitais que n\u00e3o apenas representam sua marca, mas tamb\u00e9m deixam uma impress\u00e3o duradoura. A combina\u00e7\u00e3o de design inovador e mensagens cativantes garante que seus materiais impressos e digitais se destaquem em qualquer contexto.<\/p>\t\t\t\t\t\t\t\t<\/div>\n\t\t\t\t<\/div>\n\t\t\t\t<\/div>\n\t\t<div class=\"elementor-element elementor-element-572e9c6 e-con-full e-flex e-con e-child\" data-id=\"572e9c6\" data-element_type=\"container\" data-e-type=\"container\">\n\t\t\t\t<div class=\"elementor-element elementor-element-2b59fb8 elementor-widget elementor-widget-image\" data-id=\"2b59fb8\" data-element_type=\"widget\" data-e-type=\"widget\" data-widget_type=\"image.default\">\n\t\t\t\t<div class=\"elementor-widget-container\">\n\t\t\t\t\t\t\t\t\t\t\t\t\t\t\t<img decoding=\"async\" width=\"639\" height=\"496\" src=\"https:\/\/visualonline.pt\/wp-content\/uploads\/2024\/01\/nick-adams-yTWq8n3-4k0-unsplash.jpg\" class=\"attachment-large size-large wp-image-647\" alt=\"\" srcset=\"https:\/\/visualonline.pt\/wp-content\/uploads\/2024\/01\/nick-adams-yTWq8n3-4k0-unsplash.jpg 639w, https:\/\/visualonline.pt\/wp-content\/uploads\/2024\/01\/nick-adams-yTWq8n3-4k0-unsplash-300x233.jpg 300w\" sizes=\"(max-width: 639px) 100vw, 639px\" \/>\t\t\t\t\t\t\t\t\t\t\t\t\t\t\t<\/div>\n\t\t\t\t<\/div>\n\t\t\t\t<\/div>\n\t\t\t\t\t<\/div>\n\t\t\t\t<\/div>\n\t\t<div class=\"elementor-element elementor-element-8470ef0 e-flex e-con-boxed e-con e-parent\" data-id=\"8470ef0\" data-element_type=\"container\" data-e-type=\"container\">\n\t\t\t\t\t<div class=\"e-con-inner\">\n\t\t\t\t<div class=\"elementor-element elementor-element-a4feda8 elementor-widget elementor-widget-spacer\" data-id=\"a4feda8\" data-element_type=\"widget\" data-e-type=\"widget\" data-widget_type=\"spacer.default\">\n\t\t\t\t<div class=\"elementor-widget-container\">\n\t\t\t\t\t\t\t<div class=\"elementor-spacer\">\n\t\t\t<div class=\"elementor-spacer-inner\"><\/div>\n\t\t<\/div>\n\t\t\t\t\t\t<\/div>\n\t\t\t\t<\/div>\n\t\t\t\t\t<\/div>\n\t\t\t\t<\/div>\n\t\t<div class=\"elementor-element elementor-element-7446240 e-flex e-con-boxed e-con e-parent\" data-id=\"7446240\" data-element_type=\"container\" data-e-type=\"container\">\n\t\t\t\t\t<div class=\"e-con-inner\">\n\t\t<div class=\"elementor-element elementor-element-d5bd1a0 e-con-full e-flex e-con e-child\" data-id=\"d5bd1a0\" data-element_type=\"container\" data-e-type=\"container\">\n\t\t\t\t<div class=\"elementor-element elementor-element-cb4bb25 elementor-widget elementor-widget-heading\" data-id=\"cb4bb25\" data-element_type=\"widget\" data-e-type=\"widget\" data-widget_type=\"heading.default\">\n\t\t\t\t<div class=\"elementor-widget-container\">\n\t\t\t\t\t<h2 class=\"elementor-heading-title elementor-size-large\">Divulga\u00e7\u00e3o de Marca <br>e Identidade<\/h2>\t\t\t\t<\/div>\n\t\t\t\t<\/div>\n\t\t\t\t<div class=\"elementor-element elementor-element-e9ed398 elementor-widget elementor-widget-text-editor\" data-id=\"e9ed398\" data-element_type=\"widget\" data-e-type=\"widget\" data-widget_type=\"text-editor.default\">\n\t\t\t\t<div class=\"elementor-widget-container\">\n\t\t\t\t\t\t\t\t\t<p>A constru\u00e7\u00e3o da identidade de marca \u00e9 um processo cont\u00ednuo. Desde o design do logotipo at\u00e9 a defini\u00e7\u00e3o da linguagem visual, a nossa ag\u00eancia trabalha para garantir que sua marca seja reconhecida. Desenvolvemos estrat\u00e9gias de divulga\u00e7\u00e3o que fortalecem a presen\u00e7a online e offline, consolidando a sua marca como uma refer\u00eancia no mercado.<\/p>\t\t\t\t\t\t\t\t<\/div>\n\t\t\t\t<\/div>\n\t\t\t\t<\/div>\n\t\t<div class=\"elementor-element elementor-element-7bf2cdb e-con-full e-flex e-con e-child\" data-id=\"7bf2cdb\" data-element_type=\"container\" data-e-type=\"container\">\n\t\t\t\t<div class=\"elementor-element elementor-element-d196426 elementor-widget elementor-widget-image\" data-id=\"d196426\" data-element_type=\"widget\" data-e-type=\"widget\" data-widget_type=\"image.default\">\n\t\t\t\t<div class=\"elementor-widget-container\">\n\t\t\t\t\t\t\t\t\t\t\t\t\t\t\t<img loading=\"lazy\" decoding=\"async\" width=\"640\" height=\"427\" src=\"https:\/\/visualonline.pt\/wp-content\/uploads\/2024\/01\/pexels-leeloo-the-first-7598009.jpg\" class=\"attachment-ocean-thumb-ml size-ocean-thumb-ml wp-image-648\" alt=\"\" srcset=\"https:\/\/visualonline.pt\/wp-content\/uploads\/2024\/01\/pexels-leeloo-the-first-7598009.jpg 640w, https:\/\/visualonline.pt\/wp-content\/uploads\/2024\/01\/pexels-leeloo-the-first-7598009-300x200.jpg 300w\" sizes=\"(max-width: 640px) 100vw, 640px\" \/>\t\t\t\t\t\t\t\t\t\t\t\t\t\t\t<\/div>\n\t\t\t\t<\/div>\n\t\t\t\t<\/div>\n\t\t\t\t\t<\/div>\n\t\t\t\t<\/div>\n\t\t<div class=\"elementor-element elementor-element-e5ce5db e-flex e-con-boxed e-con e-parent\" data-id=\"e5ce5db\" data-element_type=\"container\" data-e-type=\"container\">\n\t\t\t\t\t<div class=\"e-con-inner\">\n\t\t\t\t<div class=\"elementor-element elementor-element-035e85b elementor-widget elementor-widget-spacer\" data-id=\"035e85b\" data-element_type=\"widget\" data-e-type=\"widget\" data-widget_type=\"spacer.default\">\n\t\t\t\t<div class=\"elementor-widget-container\">\n\t\t\t\t\t\t\t<div class=\"elementor-spacer\">\n\t\t\t<div class=\"elementor-spacer-inner\"><\/div>\n\t\t<\/div>\n\t\t\t\t\t\t<\/div>\n\t\t\t\t<\/div>\n\t\t\t\t\t<\/div>\n\t\t\t\t<\/div>\n\t\t\t\t<\/div>\n\t\t","protected":false},"excerpt":{"rendered":"<p>PUBLICIDADE Na busca incessante por conquistar a aten\u00e7\u00e3o do p\u00fablico-alvo, a publicidade torna-se a ferramenta essencial para impulsionar seu neg\u00f3cio. Na nossa ag\u00eancia de marketing digital\/e-commerce, oferecemos uma gama abrangente de servi\u00e7os publicit\u00e1rios e de design para maximizar o impacto da sua marca. Confira os principais elementos que fazem parte do nosso portf\u00f3lio Google ADS [&hellip;]<\/p>\n","protected":false},"author":1,"featured_media":0,"parent":0,"menu_order":0,"comment_status":"closed","ping_status":"closed","template":"","meta":{"ocean_post_layout":"full-screen","ocean_both_sidebars_style":"","ocean_both_sidebars_content_width":0,"ocean_both_sidebars_sidebars_width":0,"ocean_sidebar":"","ocean_second_sidebar":"","ocean_disable_margins":"enable","ocean_add_body_class":"","ocean_shortcode_before_top_bar":"","ocean_shortcode_after_top_bar":"","ocean_shortcode_before_header":"","ocean_shortcode_after_header":"","ocean_has_shortcode":"","ocean_shortcode_after_title":"","ocean_shortcode_before_footer_widgets":"","ocean_shortcode_after_footer_widgets":"","ocean_shortcode_before_footer_bottom":"","ocean_shortcode_after_footer_bottom":"","ocean_display_top_bar":"default","ocean_display_header":"default","ocean_header_style":"","ocean_center_header_left_menu":"","ocean_custom_header_template":"","ocean_custom_logo":0,"ocean_custom_retina_logo":0,"ocean_custom_logo_max_width":0,"ocean_custom_logo_tablet_max_width":0,"ocean_custom_logo_mobile_max_width":0,"ocean_custom_logo_max_height":0,"ocean_custom_logo_tablet_max_height":0,"ocean_custom_logo_mobile_max_height":0,"ocean_header_custom_menu":"","ocean_menu_typo_font_family":"","ocean_menu_typo_font_subset":"","ocean_menu_typo_font_size":0,"ocean_menu_typo_font_size_tablet":0,"ocean_menu_typo_font_size_mobile":0,"ocean_menu_typo_font_size_unit":"px","ocean_menu_typo_font_weight":"","ocean_menu_typo_font_weight_tablet":"","ocean_menu_typo_font_weight_mobile":"","ocean_menu_typo_transform":"","ocean_menu_typo_transform_tablet":"","ocean_menu_typo_transform_mobile":"","ocean_menu_typo_line_height":0,"ocean_menu_typo_line_height_tablet":0,"ocean_menu_typo_line_height_mobile":0,"ocean_menu_typo_line_height_unit":"","ocean_menu_typo_spacing":0,"ocean_menu_typo_spacing_tablet":0,"ocean_menu_typo_spacing_mobile":0,"ocean_menu_typo_spacing_unit":"","ocean_menu_link_color":"","ocean_menu_link_color_hover":"","ocean_menu_link_color_active":"","ocean_menu_link_background":"","ocean_menu_link_hover_background":"","ocean_menu_link_active_background":"","ocean_menu_social_links_bg":"","ocean_menu_social_hover_links_bg":"","ocean_menu_social_links_color":"","ocean_menu_social_hover_links_color":"","ocean_disable_title":"on","ocean_disable_heading":"default","ocean_post_title":"","ocean_post_subheading":"","ocean_post_title_style":"","ocean_post_title_background_color":"","ocean_post_title_background":0,"ocean_post_title_bg_image_position":"","ocean_post_title_bg_image_attachment":"","ocean_post_title_bg_image_repeat":"","ocean_post_title_bg_image_size":"","ocean_post_title_height":0,"ocean_post_title_bg_overlay":0.5,"ocean_post_title_bg_overlay_color":"","ocean_disable_breadcrumbs":"default","ocean_breadcrumbs_color":"","ocean_breadcrumbs_separator_color":"","ocean_breadcrumbs_links_color":"","ocean_breadcrumbs_links_hover_color":"","ocean_display_footer_widgets":"default","ocean_display_footer_bottom":"default","ocean_custom_footer_template":"","footnotes":""},"class_list":["post-232","page","type-page","status-publish","hentry","entry"],"_links":{"self":[{"href":"https:\/\/visualonline.pt\/index.php?rest_route=\/wp\/v2\/pages\/232","targetHints":{"allow":["GET"]}}],"collection":[{"href":"https:\/\/visualonline.pt\/index.php?rest_route=\/wp\/v2\/pages"}],"about":[{"href":"https:\/\/visualonline.pt\/index.php?rest_route=\/wp\/v2\/types\/page"}],"author":[{"embeddable":true,"href":"https:\/\/visualonline.pt\/index.php?rest_route=\/wp\/v2\/users\/1"}],"replies":[{"embeddable":true,"href":"https:\/\/visualonline.pt\/index.php?rest_route=%2Fwp%2Fv2%2Fcomments&post=232"}],"version-history":[{"count":0,"href":"https:\/\/visualonline.pt\/index.php?rest_route=\/wp\/v2\/pages\/232\/revisions"}],"wp:attachment":[{"href":"https:\/\/visualonline.pt\/index.php?rest_route=%2Fwp%2Fv2%2Fmedia&parent=232"}],"curies":[{"name":"wp","href":"https:\/\/api.w.org\/{rel}","templated":true}]}}