{"id":228,"date":"2024-01-19T17:34:27","date_gmt":"2024-01-19T17:34:27","guid":{"rendered":"https:\/\/visualonline.pt\/?page_id=228"},"modified":"2024-01-31T10:46:46","modified_gmt":"2024-01-31T10:46:46","slug":"redes-sociais","status":"publish","type":"page","link":"https:\/\/visualonline.pt\/?page_id=228","title":{"rendered":"Social Media"},"content":{"rendered":"\t\t<div data-elementor-type=\"wp-page\" data-elementor-id=\"228\" class=\"elementor elementor-228\">\n\t\t\t\t<div class=\"elementor-element elementor-element-4be12b1 e-flex e-con-boxed e-con e-parent\" data-id=\"4be12b1\" data-element_type=\"container\" data-e-type=\"container\">\n\t\t\t\t\t<div class=\"e-con-inner\">\n\t\t\t\t<div class=\"elementor-element elementor-element-d57d655 elementor-widget elementor-widget-heading\" data-id=\"d57d655\" data-element_type=\"widget\" data-e-type=\"widget\" data-widget_type=\"heading.default\">\n\t\t\t\t<div class=\"elementor-widget-container\">\n\t\t\t\t\t<h2 class=\"elementor-heading-title elementor-size-xl\">SOCIAL MEDIA<\/h2>\t\t\t\t<\/div>\n\t\t\t\t<\/div>\n\t\t\t\t<div class=\"elementor-element elementor-element-43d1b33 elementor-widget elementor-widget-text-editor\" data-id=\"43d1b33\" data-element_type=\"widget\" data-e-type=\"widget\" data-widget_type=\"text-editor.default\">\n\t\t\t\t<div class=\"elementor-widget-container\">\n\t\t\t\t\t\t\t\t\t<p>Num mundo cada vez mais interligado, as redes sociais tornaram-se o centro das intera\u00e7\u00f5es online, desempenhando um papel crucial para marcas e empresas. Oferecemos solu\u00e7\u00f5es abrangentes para impulsionar a sua presen\u00e7a online, destacando-nos em \u00e1reas essenciais para o sucesso nas redes sociais.<\/p>\t\t\t\t\t\t\t\t<\/div>\n\t\t\t\t<\/div>\n\t\t\t\t\t<\/div>\n\t\t\t\t<\/div>\n\t\t<div class=\"elementor-element elementor-element-48ed58f e-flex e-con-boxed e-con e-parent\" data-id=\"48ed58f\" data-element_type=\"container\" data-e-type=\"container\">\n\t\t\t\t\t<div class=\"e-con-inner\">\n\t\t\t\t\t<\/div>\n\t\t\t\t<\/div>\n\t\t<div class=\"elementor-element elementor-element-136010d e-flex e-con-boxed e-con e-parent\" data-id=\"136010d\" data-element_type=\"container\" data-e-type=\"container\" data-settings=\"{&quot;background_background&quot;:&quot;classic&quot;}\">\n\t\t\t\t\t<div class=\"e-con-inner\">\n\t\t<div class=\"elementor-element elementor-element-862da9e e-con-full e-flex e-con e-child\" data-id=\"862da9e\" data-element_type=\"container\" data-e-type=\"container\">\n\t\t\t\t<div class=\"elementor-element elementor-element-63424e2 elementor-widget elementor-widget-heading\" data-id=\"63424e2\" data-element_type=\"widget\" data-e-type=\"widget\" data-widget_type=\"heading.default\">\n\t\t\t\t<div class=\"elementor-widget-container\">\n\t\t\t\t\t<h2 class=\"elementor-heading-title elementor-size-large\">Gest\u00e3o de <br>Redes Sociais<\/h2>\t\t\t\t<\/div>\n\t\t\t\t<\/div>\n\t\t\t\t<div class=\"elementor-element elementor-element-f09665d elementor-widget elementor-widget-text-editor\" data-id=\"f09665d\" data-element_type=\"widget\" data-e-type=\"widget\" data-widget_type=\"text-editor.default\">\n\t\t\t\t<div class=\"elementor-widget-container\">\n\t\t\t\t\t\t\t\t\t<p>\u00a0Desenvolvemos, implementamos e monitorizamos estrat\u00e9gias personalizadas para garantir uma presen\u00e7a online consistente e envolvente nas principais plataformas como Facebook, Instagram, TikTok, LinkedIn e Pinterest. O nosso objetivo \u00e9 maximizar o impacto da sua marca, construir um p\u00fablico interessado e gerar resultados positivos.<\/p>\t\t\t\t\t\t\t\t<\/div>\n\t\t\t\t<\/div>\n\t\t\t\t<\/div>\n\t\t<div class=\"elementor-element elementor-element-b2daf24 e-con-full e-flex e-con e-child\" data-id=\"b2daf24\" data-element_type=\"container\" data-e-type=\"container\">\n\t\t\t\t<div class=\"elementor-element elementor-element-46476f1 elementor-widget elementor-widget-image\" data-id=\"46476f1\" data-element_type=\"widget\" data-e-type=\"widget\" data-widget_type=\"image.default\">\n\t\t\t\t<div class=\"elementor-widget-container\">\n\t\t\t\t\t\t\t\t\t\t\t\t\t\t\t<img fetchpriority=\"high\" decoding=\"async\" width=\"1024\" height=\"683\" src=\"https:\/\/visualonline.pt\/wp-content\/uploads\/2024\/01\/pexels-tracy-le-blanc-607812-1024x683.jpg\" class=\"attachment-large size-large wp-image-596\" alt=\"\" srcset=\"https:\/\/visualonline.pt\/wp-content\/uploads\/2024\/01\/pexels-tracy-le-blanc-607812-1024x683.jpg 1024w, https:\/\/visualonline.pt\/wp-content\/uploads\/2024\/01\/pexels-tracy-le-blanc-607812-300x200.jpg 300w, https:\/\/visualonline.pt\/wp-content\/uploads\/2024\/01\/pexels-tracy-le-blanc-607812-768x512.jpg 768w, https:\/\/visualonline.pt\/wp-content\/uploads\/2024\/01\/pexels-tracy-le-blanc-607812-1536x1024.jpg 1536w, https:\/\/visualonline.pt\/wp-content\/uploads\/2024\/01\/pexels-tracy-le-blanc-607812-2048x1365.jpg 2048w\" sizes=\"(max-width: 1024px) 100vw, 1024px\" \/>\t\t\t\t\t\t\t\t\t\t\t\t\t\t\t<\/div>\n\t\t\t\t<\/div>\n\t\t\t\t<\/div>\n\t\t\t\t\t<\/div>\n\t\t\t\t<\/div>\n\t\t<div class=\"elementor-element elementor-element-a57acf4 e-flex e-con-boxed e-con e-parent\" data-id=\"a57acf4\" data-element_type=\"container\" data-e-type=\"container\">\n\t\t\t\t\t<div class=\"e-con-inner\">\n\t\t\t\t<div class=\"elementor-element elementor-element-ef0ee77 elementor-widget elementor-widget-spacer\" data-id=\"ef0ee77\" data-element_type=\"widget\" data-e-type=\"widget\" data-widget_type=\"spacer.default\">\n\t\t\t\t<div class=\"elementor-widget-container\">\n\t\t\t\t\t\t\t<div class=\"elementor-spacer\">\n\t\t\t<div class=\"elementor-spacer-inner\"><\/div>\n\t\t<\/div>\n\t\t\t\t\t\t<\/div>\n\t\t\t\t<\/div>\n\t\t\t\t\t<\/div>\n\t\t\t\t<\/div>\n\t\t<div class=\"elementor-element elementor-element-79ae9a6 e-flex e-con-boxed e-con e-parent\" data-id=\"79ae9a6\" data-element_type=\"container\" data-e-type=\"container\">\n\t\t\t\t\t<div class=\"e-con-inner\">\n\t\t<div class=\"elementor-element elementor-element-b0cc0e4 e-con-full e-flex e-con e-child\" data-id=\"b0cc0e4\" data-element_type=\"container\" data-e-type=\"container\">\n\t\t\t\t<div class=\"elementor-element elementor-element-2abf3a0 elementor-widget elementor-widget-heading\" data-id=\"2abf3a0\" data-element_type=\"widget\" data-e-type=\"widget\" data-widget_type=\"heading.default\">\n\t\t\t\t<div class=\"elementor-widget-container\">\n\t\t\t\t\t<h2 class=\"elementor-heading-title elementor-size-large\">Produ\u00e7\u00e3o\/<br>Capta\u00e7\u00e3o de Conte\u00fado<\/h2>\t\t\t\t<\/div>\n\t\t\t\t<\/div>\n\t\t\t\t<div class=\"elementor-element elementor-element-3148f88 elementor-widget elementor-widget-text-editor\" data-id=\"3148f88\" data-element_type=\"widget\" data-e-type=\"widget\" data-widget_type=\"text-editor.default\">\n\t\t\t\t<div class=\"elementor-widget-container\">\n\t\t\t\t\t\t\t\t\t<p>Acreditamos no poder do conte\u00fado envolvente. A nossa equipa de criativos trabalha incansavelmente para desenvolver cria\u00e7\u00f5es visuais e de copy que n\u00e3o apenas captam a aten\u00e7\u00e3o, mas tamb\u00e9m contam a hist\u00f3ria da sua marca de maneira aut\u00eantica.<\/p>\t\t\t\t\t\t\t\t<\/div>\n\t\t\t\t<\/div>\n\t\t\t\t<\/div>\n\t\t<div class=\"elementor-element elementor-element-153173b e-con-full e-flex e-con e-child\" data-id=\"153173b\" data-element_type=\"container\" data-e-type=\"container\">\n\t\t\t\t<div class=\"elementor-element elementor-element-59e8ade elementor-widget elementor-widget-image\" data-id=\"59e8ade\" data-element_type=\"widget\" data-e-type=\"widget\" data-widget_type=\"image.default\">\n\t\t\t\t<div class=\"elementor-widget-container\">\n\t\t\t\t\t\t\t\t\t\t\t\t\t\t\t<img decoding=\"async\" width=\"1024\" height=\"683\" src=\"https:\/\/visualonline.pt\/wp-content\/uploads\/2024\/01\/yazid-n-KXUBmVb9hdg-unsplash-1024x683.jpg\" class=\"attachment-large size-large wp-image-590\" alt=\"\" srcset=\"https:\/\/visualonline.pt\/wp-content\/uploads\/2024\/01\/yazid-n-KXUBmVb9hdg-unsplash-1024x683.jpg 1024w, https:\/\/visualonline.pt\/wp-content\/uploads\/2024\/01\/yazid-n-KXUBmVb9hdg-unsplash-300x200.jpg 300w, https:\/\/visualonline.pt\/wp-content\/uploads\/2024\/01\/yazid-n-KXUBmVb9hdg-unsplash-768x512.jpg 768w, https:\/\/visualonline.pt\/wp-content\/uploads\/2024\/01\/yazid-n-KXUBmVb9hdg-unsplash-1536x1024.jpg 1536w, https:\/\/visualonline.pt\/wp-content\/uploads\/2024\/01\/yazid-n-KXUBmVb9hdg-unsplash-2048x1365.jpg 2048w\" sizes=\"(max-width: 1024px) 100vw, 1024px\" \/>\t\t\t\t\t\t\t\t\t\t\t\t\t\t\t<\/div>\n\t\t\t\t<\/div>\n\t\t\t\t<\/div>\n\t\t\t\t\t<\/div>\n\t\t\t\t<\/div>\n\t\t<div class=\"elementor-element elementor-element-8ed7029 e-flex e-con-boxed e-con e-parent\" data-id=\"8ed7029\" data-element_type=\"container\" data-e-type=\"container\">\n\t\t\t\t\t<div class=\"e-con-inner\">\n\t\t\t\t<div class=\"elementor-element elementor-element-a4a6c88 elementor-widget elementor-widget-spacer\" data-id=\"a4a6c88\" data-element_type=\"widget\" data-e-type=\"widget\" data-widget_type=\"spacer.default\">\n\t\t\t\t<div class=\"elementor-widget-container\">\n\t\t\t\t\t\t\t<div class=\"elementor-spacer\">\n\t\t\t<div class=\"elementor-spacer-inner\"><\/div>\n\t\t<\/div>\n\t\t\t\t\t\t<\/div>\n\t\t\t\t<\/div>\n\t\t\t\t\t<\/div>\n\t\t\t\t<\/div>\n\t\t<div class=\"elementor-element elementor-element-04208a5 e-flex e-con-boxed e-con e-parent\" data-id=\"04208a5\" data-element_type=\"container\" data-e-type=\"container\" data-settings=\"{&quot;background_background&quot;:&quot;classic&quot;}\">\n\t\t\t\t\t<div class=\"e-con-inner\">\n\t\t<div class=\"elementor-element elementor-element-aab09e1 e-con-full e-flex e-con e-child\" data-id=\"aab09e1\" data-element_type=\"container\" data-e-type=\"container\">\n\t\t\t\t<div class=\"elementor-element elementor-element-99530c4 elementor-widget elementor-widget-heading\" data-id=\"99530c4\" data-element_type=\"widget\" data-e-type=\"widget\" data-widget_type=\"heading.default\">\n\t\t\t\t<div class=\"elementor-widget-container\">\n\t\t\t\t\t<h2 class=\"elementor-heading-title elementor-size-large\">Copywriting<\/h2>\t\t\t\t<\/div>\n\t\t\t\t<\/div>\n\t\t\t\t<div class=\"elementor-element elementor-element-bb4255d elementor-widget elementor-widget-text-editor\" data-id=\"bb4255d\" data-element_type=\"widget\" data-e-type=\"widget\" data-widget_type=\"text-editor.default\">\n\t\t\t\t<div class=\"elementor-widget-container\">\n\t\t\t\t\t\t\t\t\t<p>As palavras t\u00eam o poder de persuadir e influenciar. Com uma equipa especializada em copywriting, garantimos que cada post, legenda e an\u00fancio transmitam a mensagem certa.<\/p>\t\t\t\t\t\t\t\t<\/div>\n\t\t\t\t<\/div>\n\t\t\t\t<\/div>\n\t\t<div class=\"elementor-element elementor-element-7a33c3a e-con-full e-flex e-con e-child\" data-id=\"7a33c3a\" data-element_type=\"container\" data-e-type=\"container\">\n\t\t\t\t<div class=\"elementor-element elementor-element-ec66372 elementor-widget elementor-widget-image\" data-id=\"ec66372\" data-element_type=\"widget\" data-e-type=\"widget\" data-widget_type=\"image.default\">\n\t\t\t\t<div class=\"elementor-widget-container\">\n\t\t\t\t\t\t\t\t\t\t\t\t\t\t\t<img decoding=\"async\" width=\"1024\" height=\"683\" src=\"https:\/\/visualonline.pt\/wp-content\/uploads\/2024\/01\/pexels-j-kelly-brito-4067126-1024x683.jpg\" class=\"attachment-large size-large wp-image-597\" alt=\"\" srcset=\"https:\/\/visualonline.pt\/wp-content\/uploads\/2024\/01\/pexels-j-kelly-brito-4067126-1024x683.jpg 1024w, https:\/\/visualonline.pt\/wp-content\/uploads\/2024\/01\/pexels-j-kelly-brito-4067126-300x200.jpg 300w, https:\/\/visualonline.pt\/wp-content\/uploads\/2024\/01\/pexels-j-kelly-brito-4067126-768x512.jpg 768w, https:\/\/visualonline.pt\/wp-content\/uploads\/2024\/01\/pexels-j-kelly-brito-4067126-1536x1024.jpg 1536w, https:\/\/visualonline.pt\/wp-content\/uploads\/2024\/01\/pexels-j-kelly-brito-4067126-2048x1365.jpg 2048w\" sizes=\"(max-width: 1024px) 100vw, 1024px\" \/>\t\t\t\t\t\t\t\t\t\t\t\t\t\t\t<\/div>\n\t\t\t\t<\/div>\n\t\t\t\t<\/div>\n\t\t\t\t\t<\/div>\n\t\t\t\t<\/div>\n\t\t<div class=\"elementor-element elementor-element-7460105 e-flex e-con-boxed e-con e-parent\" data-id=\"7460105\" data-element_type=\"container\" data-e-type=\"container\">\n\t\t\t\t\t<div class=\"e-con-inner\">\n\t\t\t\t<div class=\"elementor-element elementor-element-56e4c02 elementor-widget elementor-widget-spacer\" data-id=\"56e4c02\" data-element_type=\"widget\" data-e-type=\"widget\" data-widget_type=\"spacer.default\">\n\t\t\t\t<div class=\"elementor-widget-container\">\n\t\t\t\t\t\t\t<div class=\"elementor-spacer\">\n\t\t\t<div class=\"elementor-spacer-inner\"><\/div>\n\t\t<\/div>\n\t\t\t\t\t\t<\/div>\n\t\t\t\t<\/div>\n\t\t\t\t\t<\/div>\n\t\t\t\t<\/div>\n\t\t<div class=\"elementor-element elementor-element-11f24ce e-flex e-con-boxed e-con e-parent\" data-id=\"11f24ce\" data-element_type=\"container\" data-e-type=\"container\">\n\t\t\t\t\t<div class=\"e-con-inner\">\n\t\t<div class=\"elementor-element elementor-element-5daaba3 e-con-full e-flex e-con e-child\" data-id=\"5daaba3\" data-element_type=\"container\" data-e-type=\"container\">\n\t\t\t\t<div class=\"elementor-element elementor-element-6603c22 elementor-widget elementor-widget-heading\" data-id=\"6603c22\" data-element_type=\"widget\" data-e-type=\"widget\" data-widget_type=\"heading.default\">\n\t\t\t\t<div class=\"elementor-widget-container\">\n\t\t\t\t\t<h2 class=\"elementor-heading-title elementor-size-large\">Setup Inicial<\/h2>\t\t\t\t<\/div>\n\t\t\t\t<\/div>\n\t\t\t\t<div class=\"elementor-element elementor-element-c320ef9 elementor-widget elementor-widget-text-editor\" data-id=\"c320ef9\" data-element_type=\"widget\" data-e-type=\"widget\" data-widget_type=\"text-editor.default\">\n\t\t\t\t<div class=\"elementor-widget-container\">\n\t\t\t\t\t\t\t\t\t<p>Entendemos que uma boa estrat\u00e9gia \u00e9 vital para o sucesso a longo prazo. Ao configurar suas contas nas principais plataformas, como Facebook, Instagram, TikTok, LinkedIn e Pinterest, garantimos uma base s\u00f3lida para as suas atividades futuras nas redes sociais. Configuramos todos os elementos essenciais, desde bios cativantes at\u00e9 configura\u00e7\u00f5es de privacidade e seguran\u00e7a<\/p>\t\t\t\t\t\t\t\t<\/div>\n\t\t\t\t<\/div>\n\t\t\t\t<\/div>\n\t\t<div class=\"elementor-element elementor-element-36b9daf e-con-full e-flex e-con e-child\" data-id=\"36b9daf\" data-element_type=\"container\" data-e-type=\"container\">\n\t\t\t\t<div class=\"elementor-element elementor-element-6a35baa elementor-widget elementor-widget-image\" data-id=\"6a35baa\" data-element_type=\"widget\" data-e-type=\"widget\" data-widget_type=\"image.default\">\n\t\t\t\t<div class=\"elementor-widget-container\">\n\t\t\t\t\t\t\t\t\t\t\t\t\t\t\t<img loading=\"lazy\" decoding=\"async\" width=\"640\" height=\"427\" src=\"https:\/\/visualonline.pt\/wp-content\/uploads\/2024\/01\/pexels-roberto-nickson-3082341.jpg\" class=\"attachment-large size-large wp-image-627\" alt=\"\" srcset=\"https:\/\/visualonline.pt\/wp-content\/uploads\/2024\/01\/pexels-roberto-nickson-3082341.jpg 640w, https:\/\/visualonline.pt\/wp-content\/uploads\/2024\/01\/pexels-roberto-nickson-3082341-300x200.jpg 300w\" sizes=\"(max-width: 640px) 100vw, 640px\" \/>\t\t\t\t\t\t\t\t\t\t\t\t\t\t\t<\/div>\n\t\t\t\t<\/div>\n\t\t\t\t<\/div>\n\t\t\t\t\t<\/div>\n\t\t\t\t<\/div>\n\t\t<div class=\"elementor-element elementor-element-00f2e6a e-flex e-con-boxed e-con e-parent\" data-id=\"00f2e6a\" data-element_type=\"container\" data-e-type=\"container\">\n\t\t\t\t\t<div class=\"e-con-inner\">\n\t\t\t\t<div class=\"elementor-element elementor-element-b864a07 elementor-widget elementor-widget-spacer\" data-id=\"b864a07\" data-element_type=\"widget\" data-e-type=\"widget\" data-widget_type=\"spacer.default\">\n\t\t\t\t<div class=\"elementor-widget-container\">\n\t\t\t\t\t\t\t<div class=\"elementor-spacer\">\n\t\t\t<div class=\"elementor-spacer-inner\"><\/div>\n\t\t<\/div>\n\t\t\t\t\t\t<\/div>\n\t\t\t\t<\/div>\n\t\t\t\t\t<\/div>\n\t\t\t\t<\/div>\n\t\t<div class=\"elementor-element elementor-element-6f6ddfe e-flex e-con-boxed e-con e-parent\" data-id=\"6f6ddfe\" data-element_type=\"container\" data-e-type=\"container\" data-settings=\"{&quot;background_background&quot;:&quot;classic&quot;}\">\n\t\t\t\t\t<div class=\"e-con-inner\">\n\t\t<div class=\"elementor-element elementor-element-f91c685 e-con-full e-flex e-con e-child\" data-id=\"f91c685\" data-element_type=\"container\" data-e-type=\"container\">\n\t\t\t\t<div class=\"elementor-element elementor-element-23a4e44 elementor-widget elementor-widget-heading\" data-id=\"23a4e44\" data-element_type=\"widget\" data-e-type=\"widget\" data-widget_type=\"heading.default\">\n\t\t\t\t<div class=\"elementor-widget-container\">\n\t\t\t\t\t<h2 class=\"elementor-heading-title elementor-size-large\">Facebook\/Instagram\/TikTok\/<br>X\/LinkedIn\/ Pinterest<\/h2>\t\t\t\t<\/div>\n\t\t\t\t<\/div>\n\t\t\t\t<div class=\"elementor-element elementor-element-c16089c elementor-widget elementor-widget-text-editor\" data-id=\"c16089c\" data-element_type=\"widget\" data-e-type=\"widget\" data-widget_type=\"text-editor.default\">\n\t\t\t\t<div class=\"elementor-widget-container\">\n\t\t\t\t\t\t\t\t\t<p>Cada plataforma possui a sua pr\u00f3pria din\u00e2mica e p\u00fablico \u00fanico. Personalizamos estrat\u00e9gias para cada uma delas, aproveitando os recursos espec\u00edficos de cada plataforma. Seja a intera\u00e7\u00e3o visual do Instagram, a abordagem profissional do LinkedIn ou a explos\u00e3o criativa do TikTok, estamos preparados para maximizar seu potencial em todas as frentes.<\/p>\t\t\t\t\t\t\t\t<\/div>\n\t\t\t\t<\/div>\n\t\t\t\t<\/div>\n\t\t<div class=\"elementor-element elementor-element-b021ee4 e-con-full e-flex e-con e-child\" data-id=\"b021ee4\" data-element_type=\"container\" data-e-type=\"container\">\n\t\t\t\t<div class=\"elementor-element elementor-element-b31414d elementor-widget elementor-widget-image\" data-id=\"b31414d\" data-element_type=\"widget\" data-e-type=\"widget\" data-widget_type=\"image.default\">\n\t\t\t\t<div class=\"elementor-widget-container\">\n\t\t\t\t\t\t\t\t\t\t\t\t\t\t\t<img loading=\"lazy\" decoding=\"async\" width=\"1024\" height=\"683\" src=\"https:\/\/visualonline.pt\/wp-content\/uploads\/2024\/01\/pexels-castorly-stock-4114787-1024x683.jpg\" class=\"attachment-large size-large wp-image-628\" alt=\"\" srcset=\"https:\/\/visualonline.pt\/wp-content\/uploads\/2024\/01\/pexels-castorly-stock-4114787-1024x683.jpg 1024w, https:\/\/visualonline.pt\/wp-content\/uploads\/2024\/01\/pexels-castorly-stock-4114787-300x200.jpg 300w, https:\/\/visualonline.pt\/wp-content\/uploads\/2024\/01\/pexels-castorly-stock-4114787-768x512.jpg 768w, https:\/\/visualonline.pt\/wp-content\/uploads\/2024\/01\/pexels-castorly-stock-4114787-1536x1024.jpg 1536w, https:\/\/visualonline.pt\/wp-content\/uploads\/2024\/01\/pexels-castorly-stock-4114787-2048x1365.jpg 2048w\" sizes=\"(max-width: 1024px) 100vw, 1024px\" \/>\t\t\t\t\t\t\t\t\t\t\t\t\t\t\t<\/div>\n\t\t\t\t<\/div>\n\t\t\t\t<\/div>\n\t\t\t\t\t<\/div>\n\t\t\t\t<\/div>\n\t\t<div class=\"elementor-element elementor-element-66c9913 e-flex e-con-boxed e-con e-parent\" data-id=\"66c9913\" data-element_type=\"container\" data-e-type=\"container\">\n\t\t\t\t\t<div class=\"e-con-inner\">\n\t\t\t\t<div class=\"elementor-element elementor-element-3cbaac4 elementor-widget elementor-widget-spacer\" data-id=\"3cbaac4\" data-element_type=\"widget\" data-e-type=\"widget\" data-widget_type=\"spacer.default\">\n\t\t\t\t<div class=\"elementor-widget-container\">\n\t\t\t\t\t\t\t<div class=\"elementor-spacer\">\n\t\t\t<div class=\"elementor-spacer-inner\"><\/div>\n\t\t<\/div>\n\t\t\t\t\t\t<\/div>\n\t\t\t\t<\/div>\n\t\t\t\t\t<\/div>\n\t\t\t\t<\/div>\n\t\t<div class=\"elementor-element elementor-element-1adf4cb e-flex e-con-boxed e-con e-parent\" data-id=\"1adf4cb\" data-element_type=\"container\" data-e-type=\"container\">\n\t\t\t\t\t<div class=\"e-con-inner\">\n\t\t<div class=\"elementor-element elementor-element-d08819e e-con-full e-flex e-con e-child\" data-id=\"d08819e\" data-element_type=\"container\" data-e-type=\"container\">\n\t\t\t\t<div class=\"elementor-element elementor-element-9b69645 elementor-widget elementor-widget-heading\" data-id=\"9b69645\" data-element_type=\"widget\" data-e-type=\"widget\" data-widget_type=\"heading.default\">\n\t\t\t\t<div class=\"elementor-widget-container\">\n\t\t\t\t\t<h2 class=\"elementor-heading-title elementor-size-large\">An\u00e1lise de M\u00e9tricas<\/h2>\t\t\t\t<\/div>\n\t\t\t\t<\/div>\n\t\t\t\t<div class=\"elementor-element elementor-element-701cf85 elementor-widget elementor-widget-text-editor\" data-id=\"701cf85\" data-element_type=\"widget\" data-e-type=\"widget\" data-widget_type=\"text-editor.default\">\n\t\t\t\t<div class=\"elementor-widget-container\">\n\t\t\t\t\t\t\t\t\t<p>O sucesso nas redes sociais \u00e9 mensur\u00e1vel. Utilizando ferramentas avan\u00e7adas de an\u00e1lise, monitorizamos m\u00e9tricas chave para avaliar o desempenho da sua presen\u00e7a online. Desde o alcance e at\u00e9 \u00e0s taxas de convers\u00e3o, adaptamos continuamente as nossas estrat\u00e9gias com base nos dados.<\/p>\t\t\t\t\t\t\t\t<\/div>\n\t\t\t\t<\/div>\n\t\t\t\t<\/div>\n\t\t<div class=\"elementor-element elementor-element-21d22dd e-con-full e-flex e-con e-child\" data-id=\"21d22dd\" data-element_type=\"container\" data-e-type=\"container\">\n\t\t\t\t<div class=\"elementor-element elementor-element-42a7677 elementor-widget elementor-widget-image\" data-id=\"42a7677\" data-element_type=\"widget\" data-e-type=\"widget\" data-widget_type=\"image.default\">\n\t\t\t\t<div class=\"elementor-widget-container\">\n\t\t\t\t\t\t\t\t\t\t\t\t\t\t\t<img loading=\"lazy\" decoding=\"async\" width=\"640\" height=\"427\" src=\"https:\/\/visualonline.pt\/wp-content\/uploads\/2024\/01\/pexels-photomix-company-106344.jpg\" class=\"attachment-large size-large wp-image-629\" alt=\"\" srcset=\"https:\/\/visualonline.pt\/wp-content\/uploads\/2024\/01\/pexels-photomix-company-106344.jpg 640w, https:\/\/visualonline.pt\/wp-content\/uploads\/2024\/01\/pexels-photomix-company-106344-300x200.jpg 300w\" sizes=\"(max-width: 640px) 100vw, 640px\" \/>\t\t\t\t\t\t\t\t\t\t\t\t\t\t\t<\/div>\n\t\t\t\t<\/div>\n\t\t\t\t<\/div>\n\t\t\t\t\t<\/div>\n\t\t\t\t<\/div>\n\t\t<div class=\"elementor-element elementor-element-ebd7d04 e-flex e-con-boxed e-con e-parent\" data-id=\"ebd7d04\" data-element_type=\"container\" data-e-type=\"container\">\n\t\t\t\t\t<div class=\"e-con-inner\">\n\t\t\t\t<div class=\"elementor-element elementor-element-00cbe31 elementor-widget elementor-widget-spacer\" data-id=\"00cbe31\" data-element_type=\"widget\" data-e-type=\"widget\" data-widget_type=\"spacer.default\">\n\t\t\t\t<div class=\"elementor-widget-container\">\n\t\t\t\t\t\t\t<div class=\"elementor-spacer\">\n\t\t\t<div class=\"elementor-spacer-inner\"><\/div>\n\t\t<\/div>\n\t\t\t\t\t\t<\/div>\n\t\t\t\t<\/div>\n\t\t\t\t\t<\/div>\n\t\t\t\t<\/div>\n\t\t\t\t<\/div>\n\t\t","protected":false},"excerpt":{"rendered":"<p>SOCIAL MEDIA Num mundo cada vez mais interligado, as redes sociais tornaram-se o centro das intera\u00e7\u00f5es online, desempenhando um papel crucial para marcas e empresas. Oferecemos solu\u00e7\u00f5es abrangentes para impulsionar a sua presen\u00e7a online, destacando-nos em \u00e1reas essenciais para o sucesso nas redes sociais. Gest\u00e3o de Redes Sociais \u00a0Desenvolvemos, implementamos e monitorizamos estrat\u00e9gias personalizadas para [&hellip;]<\/p>\n","protected":false},"author":1,"featured_media":0,"parent":0,"menu_order":0,"comment_status":"closed","ping_status":"closed","template":"","meta":{"ocean_post_layout":"full-screen","ocean_both_sidebars_style":"","ocean_both_sidebars_content_width":0,"ocean_both_sidebars_sidebars_width":0,"ocean_sidebar":"","ocean_second_sidebar":"","ocean_disable_margins":"enable","ocean_add_body_class":"","ocean_shortcode_before_top_bar":"","ocean_shortcode_after_top_bar":"","ocean_shortcode_before_header":"","ocean_shortcode_after_header":"","ocean_has_shortcode":"","ocean_shortcode_after_title":"","ocean_shortcode_before_footer_widgets":"","ocean_shortcode_after_footer_widgets":"","ocean_shortcode_before_footer_bottom":"","ocean_shortcode_after_footer_bottom":"","ocean_display_top_bar":"default","ocean_display_header":"default","ocean_header_style":"","ocean_center_header_left_menu":"","ocean_custom_header_template":"","ocean_custom_logo":0,"ocean_custom_retina_logo":0,"ocean_custom_logo_max_width":0,"ocean_custom_logo_tablet_max_width":0,"ocean_custom_logo_mobile_max_width":0,"ocean_custom_logo_max_height":0,"ocean_custom_logo_tablet_max_height":0,"ocean_custom_logo_mobile_max_height":0,"ocean_header_custom_menu":"","ocean_menu_typo_font_family":"","ocean_menu_typo_font_subset":"","ocean_menu_typo_font_size":0,"ocean_menu_typo_font_size_tablet":0,"ocean_menu_typo_font_size_mobile":0,"ocean_menu_typo_font_size_unit":"px","ocean_menu_typo_font_weight":"","ocean_menu_typo_font_weight_tablet":"","ocean_menu_typo_font_weight_mobile":"","ocean_menu_typo_transform":"","ocean_menu_typo_transform_tablet":"","ocean_menu_typo_transform_mobile":"","ocean_menu_typo_line_height":0,"ocean_menu_typo_line_height_tablet":0,"ocean_menu_typo_line_height_mobile":0,"ocean_menu_typo_line_height_unit":"","ocean_menu_typo_spacing":0,"ocean_menu_typo_spacing_tablet":0,"ocean_menu_typo_spacing_mobile":0,"ocean_menu_typo_spacing_unit":"","ocean_menu_link_color":"","ocean_menu_link_color_hover":"","ocean_menu_link_color_active":"","ocean_menu_link_background":"","ocean_menu_link_hover_background":"","ocean_menu_link_active_background":"","ocean_menu_social_links_bg":"","ocean_menu_social_hover_links_bg":"","ocean_menu_social_links_color":"","ocean_menu_social_hover_links_color":"","ocean_disable_title":"on","ocean_disable_heading":"default","ocean_post_title":"","ocean_post_subheading":"","ocean_post_title_style":"","ocean_post_title_background_color":"","ocean_post_title_background":0,"ocean_post_title_bg_image_position":"","ocean_post_title_bg_image_attachment":"","ocean_post_title_bg_image_repeat":"","ocean_post_title_bg_image_size":"","ocean_post_title_height":0,"ocean_post_title_bg_overlay":0.5,"ocean_post_title_bg_overlay_color":"","ocean_disable_breadcrumbs":"default","ocean_breadcrumbs_color":"","ocean_breadcrumbs_separator_color":"","ocean_breadcrumbs_links_color":"","ocean_breadcrumbs_links_hover_color":"","ocean_display_footer_widgets":"default","ocean_display_footer_bottom":"default","ocean_custom_footer_template":"","footnotes":""},"class_list":["post-228","page","type-page","status-publish","hentry","entry"],"_links":{"self":[{"href":"https:\/\/visualonline.pt\/index.php?rest_route=\/wp\/v2\/pages\/228","targetHints":{"allow":["GET"]}}],"collection":[{"href":"https:\/\/visualonline.pt\/index.php?rest_route=\/wp\/v2\/pages"}],"about":[{"href":"https:\/\/visualonline.pt\/index.php?rest_route=\/wp\/v2\/types\/page"}],"author":[{"embeddable":true,"href":"https:\/\/visualonline.pt\/index.php?rest_route=\/wp\/v2\/users\/1"}],"replies":[{"embeddable":true,"href":"https:\/\/visualonline.pt\/index.php?rest_route=%2Fwp%2Fv2%2Fcomments&post=228"}],"version-history":[{"count":0,"href":"https:\/\/visualonline.pt\/index.php?rest_route=\/wp\/v2\/pages\/228\/revisions"}],"wp:attachment":[{"href":"https:\/\/visualonline.pt\/index.php?rest_route=%2Fwp%2Fv2%2Fmedia&parent=228"}],"curies":[{"name":"wp","href":"https:\/\/api.w.org\/{rel}","templated":true}]}}